{"id":1330,"date":"2024-10-27T13:48:15","date_gmt":"2024-10-27T13:48:15","guid":{"rendered":"https:\/\/thebetonred.org\/contact\/"},"modified":"2025-05-13T15:19:45","modified_gmt":"2025-05-13T14:19:45","slug":"contact","status":"publish","type":"page","link":"https:\/\/thebetonred.org\/es\/contact\/","title":{"rendered":"Contacto"},"content":{"rendered":"<h1>Cont\u00e1ctanos<\/h1>\n<p>Para cualquier informaci\u00f3n o asistencia, no dudes en ponerte en contacto completando el formulario a continuaci\u00f3n. Nuestro equipo est\u00e1 aqu\u00ed para ayudarte y responder\u00e1 a tu consulta lo antes posible.<\/p>\n<p class=\"wpcf7-contact-form-not-found\"><strong>Error:<\/strong> Contact form not found.<\/p>\n","protected":false},"excerpt":{"rendered":"<p>Cont\u00e1ctanos Para cualquier informaci\u00f3n o asistencia, no dudes en ponerte en contacto completando el formulario a continuaci\u00f3n. Nuestro equipo est\u00e1 aqu\u00ed para ayudarte y responder\u00e1 a tu consulta lo antes posible.<\/p>\n","protected":false},"author":1,"featured_media":0,"parent":0,"menu_order":0,"comment_status":"closed","ping_status":"closed","template":"template-builder.php","meta":{"_acf_changed":false,"inline_featured_image":false,"footnotes":""},"class_list":["post-1330","page","type-page","status-publish","hentry"],"acf":[],"yoast_head":"<!-- This site is optimized with the Yoast SEO plugin v27.3 - https:\/\/yoast.com\/product\/yoast-seo-wordpress\/ -->\n<title>Cont\u00e1ctanos<\/title>\n<meta name=\"description\" content=\"Ponte en contacto con BetOnRed Casino para cualquier pregunta o asistencia. Rellena el formulario y nuestro equipo de soporte te responder\u00e1 r\u00e1pidamente.\" \/>\n<meta name=\"robots\" content=\"index, follow, max-snippet:-1, max-image-preview:large, max-video-preview:-1\" \/>\n<link rel=\"canonical\" href=\"https:\/\/thebetonred.org\/es\/contact\/\" \/>\n<meta property=\"og:locale\" content=\"es_ES\" \/>\n<meta property=\"og:type\" content=\"article\" \/>\n<meta property=\"og:title\" content=\"Cont\u00e1ctanos\" \/>\n<meta property=\"og:description\" content=\"Ponte en contacto con BetOnRed Casino para cualquier pregunta o asistencia. Rellena el formulario y nuestro equipo de soporte te responder\u00e1 r\u00e1pidamente.\" \/>\n<meta property=\"og:url\" content=\"https:\/\/thebetonred.org\/es\/contact\/\" \/>\n<meta property=\"og:site_name\" content=\"BetOnRed Online\" \/>\n<meta property=\"article:modified_time\" content=\"2025-05-13T14:19:45+00:00\" \/>\n<meta name=\"twitter:card\" content=\"summary_large_image\" \/>\n<meta name=\"twitter:label1\" content=\"Est. reading time\" \/>\n\t<meta name=\"twitter:data1\" content=\"1 minute\" \/>\n<script type=\"application\/ld+json\" class=\"yoast-schema-graph\">{\"@context\":\"https:\\\/\\\/schema.org\",\"@graph\":[{\"@type\":\"WebPage\",\"@id\":\"https:\\\/\\\/thebetonred.org\\\/es\\\/contact\\\/\",\"url\":\"https:\\\/\\\/thebetonred.org\\\/es\\\/contact\\\/\",\"name\":\"Cont\u00e1ctanos\",\"isPartOf\":{\"@id\":\"https:\\\/\\\/thebetonred.org\\\/es\\\/#website\"},\"datePublished\":\"2024-10-27T13:48:15+00:00\",\"dateModified\":\"2025-05-13T14:19:45+00:00\",\"description\":\"Ponte en contacto con BetOnRed Casino para cualquier pregunta o asistencia. Rellena el formulario y nuestro equipo de soporte te responder\u00e1 r\u00e1pidamente.\",\"breadcrumb\":{\"@id\":\"https:\\\/\\\/thebetonred.org\\\/es\\\/contact\\\/#breadcrumb\"},\"inLanguage\":\"es-ES\",\"potentialAction\":[{\"@type\":\"ReadAction\",\"target\":[\"https:\\\/\\\/thebetonred.org\\\/es\\\/contact\\\/\"]}]},{\"@type\":\"BreadcrumbList\",\"@id\":\"https:\\\/\\\/thebetonred.org\\\/es\\\/contact\\\/#breadcrumb\",\"itemListElement\":[{\"@type\":\"ListItem\",\"position\":1,\"name\":\"Betonred\",\"item\":\"https:\\\/\\\/thebetonred.org\\\/es\\\/\"},{\"@type\":\"ListItem\",\"position\":2,\"name\":\"Contacto\"}]},{\"@type\":\"WebSite\",\"@id\":\"https:\\\/\\\/thebetonred.org\\\/es\\\/#website\",\"url\":\"https:\\\/\\\/thebetonred.org\\\/es\\\/\",\"name\":\"Betonred\",\"description\":\"\",\"publisher\":{\"@id\":\"https:\\\/\\\/thebetonred.org\\\/es\\\/#organization\"},\"potentialAction\":[{\"@type\":\"SearchAction\",\"target\":{\"@type\":\"EntryPoint\",\"urlTemplate\":\"https:\\\/\\\/thebetonred.org\\\/es\\\/?s={search_term_string}\"},\"query-input\":{\"@type\":\"PropertyValueSpecification\",\"valueRequired\":true,\"valueName\":\"search_term_string\"}}],\"inLanguage\":\"es-ES\"},{\"@type\":\"Organization\",\"@id\":\"https:\\\/\\\/thebetonred.org\\\/es\\\/#organization\",\"name\":\"Betonred\",\"url\":\"https:\\\/\\\/thebetonred.org\\\/es\\\/\",\"logo\":{\"@type\":\"ImageObject\",\"inLanguage\":\"es-ES\",\"@id\":\"https:\\\/\\\/thebetonred.org\\\/es\\\/#\\\/schema\\\/logo\\\/image\\\/\",\"url\":\"https:\\\/\\\/thebetonred.org\\\/wp-content\\\/uploads\\\/2025\\\/01\\\/logo-main.svg\",\"contentUrl\":\"https:\\\/\\\/thebetonred.org\\\/wp-content\\\/uploads\\\/2025\\\/01\\\/logo-main.svg\",\"width\":135,\"height\":40,\"caption\":\"Betonred\"},\"image\":{\"@id\":\"https:\\\/\\\/thebetonred.org\\\/es\\\/#\\\/schema\\\/logo\\\/image\\\/\"}}]}<\/script>\n<!-- \/ Yoast SEO plugin. -->","yoast_head_json":{"title":"Cont\u00e1ctanos","description":"Ponte en contacto con BetOnRed Casino para cualquier pregunta o asistencia. Rellena el formulario y nuestro equipo de soporte te responder\u00e1 r\u00e1pidamente.","robots":{"index":"index","follow":"follow","max-snippet":"max-snippet:-1","max-image-preview":"max-image-preview:large","max-video-preview":"max-video-preview:-1"},"canonical":"https:\/\/thebetonred.org\/es\/contact\/","og_locale":"es_ES","og_type":"article","og_title":"Cont\u00e1ctanos","og_description":"Ponte en contacto con BetOnRed Casino para cualquier pregunta o asistencia. Rellena el formulario y nuestro equipo de soporte te responder\u00e1 r\u00e1pidamente.","og_url":"https:\/\/thebetonred.org\/es\/contact\/","og_site_name":"BetOnRed Online","article_modified_time":"2025-05-13T14:19:45+00:00","twitter_card":"summary_large_image","twitter_misc":{"Est. reading time":"1 minute"},"schema":{"@context":"https:\/\/schema.org","@graph":[{"@type":"WebPage","@id":"https:\/\/thebetonred.org\/es\/contact\/","url":"https:\/\/thebetonred.org\/es\/contact\/","name":"Cont\u00e1ctanos","isPartOf":{"@id":"https:\/\/thebetonred.org\/es\/#website"},"datePublished":"2024-10-27T13:48:15+00:00","dateModified":"2025-05-13T14:19:45+00:00","description":"Ponte en contacto con BetOnRed Casino para cualquier pregunta o asistencia. Rellena el formulario y nuestro equipo de soporte te responder\u00e1 r\u00e1pidamente.","breadcrumb":{"@id":"https:\/\/thebetonred.org\/es\/contact\/#breadcrumb"},"inLanguage":"es-ES","potentialAction":[{"@type":"ReadAction","target":["https:\/\/thebetonred.org\/es\/contact\/"]}]},{"@type":"BreadcrumbList","@id":"https:\/\/thebetonred.org\/es\/contact\/#breadcrumb","itemListElement":[{"@type":"ListItem","position":1,"name":"Betonred","item":"https:\/\/thebetonred.org\/es\/"},{"@type":"ListItem","position":2,"name":"Contacto"}]},{"@type":"WebSite","@id":"https:\/\/thebetonred.org\/es\/#website","url":"https:\/\/thebetonred.org\/es\/","name":"Betonred","description":"","publisher":{"@id":"https:\/\/thebetonred.org\/es\/#organization"},"potentialAction":[{"@type":"SearchAction","target":{"@type":"EntryPoint","urlTemplate":"https:\/\/thebetonred.org\/es\/?s={search_term_string}"},"query-input":{"@type":"PropertyValueSpecification","valueRequired":true,"valueName":"search_term_string"}}],"inLanguage":"es-ES"},{"@type":"Organization","@id":"https:\/\/thebetonred.org\/es\/#organization","name":"Betonred","url":"https:\/\/thebetonred.org\/es\/","logo":{"@type":"ImageObject","inLanguage":"es-ES","@id":"https:\/\/thebetonred.org\/es\/#\/schema\/logo\/image\/","url":"https:\/\/thebetonred.org\/wp-content\/uploads\/2025\/01\/logo-main.svg","contentUrl":"https:\/\/thebetonred.org\/wp-content\/uploads\/2025\/01\/logo-main.svg","width":135,"height":40,"caption":"Betonred"},"image":{"@id":"https:\/\/thebetonred.org\/es\/#\/schema\/logo\/image\/"}}]}},"_links":{"self":[{"href":"https:\/\/thebetonred.org\/es\/wp-json\/wp\/v2\/pages\/1330","targetHints":{"allow":["GET"]}}],"collection":[{"href":"https:\/\/thebetonred.org\/es\/wp-json\/wp\/v2\/pages"}],"about":[{"href":"https:\/\/thebetonred.org\/es\/wp-json\/wp\/v2\/types\/page"}],"author":[{"embeddable":true,"href":"https:\/\/thebetonred.org\/es\/wp-json\/wp\/v2\/users\/1"}],"replies":[{"embeddable":true,"href":"https:\/\/thebetonred.org\/es\/wp-json\/wp\/v2\/comments?post=1330"}],"version-history":[{"count":1,"href":"https:\/\/thebetonred.org\/es\/wp-json\/wp\/v2\/pages\/1330\/revisions"}],"predecessor-version":[{"id":1337,"href":"https:\/\/thebetonred.org\/es\/wp-json\/wp\/v2\/pages\/1330\/revisions\/1337"}],"wp:attachment":[{"href":"https:\/\/thebetonred.org\/es\/wp-json\/wp\/v2\/media?parent=1330"}],"curies":[{"name":"wp","href":"https:\/\/api.w.org\/{rel}","templated":true}]}}